{"id":102,"date":"2024-01-29T19:26:08","date_gmt":"2024-01-29T18:26:08","guid":{"rendered":"https:\/\/jeudesclics-photographie.fr\/?page_id=102"},"modified":"2025-10-01T09:42:59","modified_gmt":"2025-10-01T07:42:59","slug":"nos-expressions-photographiques","status":"publish","type":"page","link":"https:\/\/jeudesclics-photographie.fr\/index.php\/nos-expressions-photographiques\/","title":{"rendered":"Nos expressions photographiques"},"content":{"rendered":"\n<p><\/p>\n\n\n\n<h4 class=\"wp-block-heading\"><strong>Exposition 2025:<\/strong><\/h4>\n\n\n\n<h2 class=\"wp-block-heading\"><strong>&#8220;ETATS D&#8217;ARBRES&#8221;<\/strong><\/h2>\n\n\n\n<p>7 r\u00e9flexions et expressions vari\u00e9es autour de l&#8217;arbre. Maison de la for\u00eat du G\u00e2vre, 44130.<\/p>\n\n\n\n<figure class=\"wp-block-image size-large\"><img loading=\"lazy\" decoding=\"async\" width=\"1024\" height=\"1024\" src=\"https:\/\/jeudesclics-photographie.fr\/wp-content\/uploads\/2025\/10\/2025-JEUDESCLICS-EXPO-1X1-WEB-2-1024x1024.jpg\" alt=\"\" class=\"wp-image-592\" srcset=\"https:\/\/jeudesclics-photographie.fr\/wp-content\/uploads\/2025\/10\/2025-JEUDESCLICS-EXPO-1X1-WEB-2-1024x1024.jpg 1024w, https:\/\/jeudesclics-photographie.fr\/wp-content\/uploads\/2025\/10\/2025-JEUDESCLICS-EXPO-1X1-WEB-2-300x300.jpg 300w, https:\/\/jeudesclics-photographie.fr\/wp-content\/uploads\/2025\/10\/2025-JEUDESCLICS-EXPO-1X1-WEB-2-150x150.jpg 150w, https:\/\/jeudesclics-photographie.fr\/wp-content\/uploads\/2025\/10\/2025-JEUDESCLICS-EXPO-1X1-WEB-2-768x768.jpg 768w, https:\/\/jeudesclics-photographie.fr\/wp-content\/uploads\/2025\/10\/2025-JEUDESCLICS-EXPO-1X1-WEB-2-640x640.jpg 640w, https:\/\/jeudesclics-photographie.fr\/wp-content\/uploads\/2025\/10\/2025-JEUDESCLICS-EXPO-1X1-WEB-2-825x825.jpg 825w, https:\/\/jeudesclics-photographie.fr\/wp-content\/uploads\/2025\/10\/2025-JEUDESCLICS-EXPO-1X1-WEB-2-100x100.jpg 100w, https:\/\/jeudesclics-photographie.fr\/wp-content\/uploads\/2025\/10\/2025-JEUDESCLICS-EXPO-1X1-WEB-2-50x50.jpg 50w, https:\/\/jeudesclics-photographie.fr\/wp-content\/uploads\/2025\/10\/2025-JEUDESCLICS-EXPO-1X1-WEB-2.jpg 1181w\" sizes=\"auto, (max-width: 1024px) 100vw, 1024px\" \/><\/figure>\n\n\n\n<h4 class=\"wp-block-heading\"><strong>Exposition<\/strong> 2025:<\/h4>\n\n\n\n<h2 class=\"wp-block-heading\"><strong>PO\u00c9SIE VOLCANIQUE- LE VOLCAN DES \u00c9MOTIONS<\/strong><\/h2>\n\n\n\n<p>Dans le cadre du festival du printemps des po\u00e8tes, une s\u00e9rie narrative et collective.<\/p>\n\n\n\n<p>19 photographies illustrent le volcan des \u00e9motions, une m\u00e9thode th\u00e9rapeutique pour aider \u00e0 identifier et contr\u00f4ler les \u00e9motions vives.<\/p>\n\n\n\n<figure class=\"wp-block-image size-large\"><img loading=\"lazy\" decoding=\"async\" width=\"1024\" height=\"1024\" src=\"https:\/\/jeudesclics-photographie.fr\/wp-content\/uploads\/2025\/10\/FLYER-EXPO-CARRE-1024x1024.jpg\" alt=\"\" class=\"wp-image-586\" srcset=\"https:\/\/jeudesclics-photographie.fr\/wp-content\/uploads\/2025\/10\/FLYER-EXPO-CARRE-1024x1024.jpg 1024w, https:\/\/jeudesclics-photographie.fr\/wp-content\/uploads\/2025\/10\/FLYER-EXPO-CARRE-300x300.jpg 300w, https:\/\/jeudesclics-photographie.fr\/wp-content\/uploads\/2025\/10\/FLYER-EXPO-CARRE-150x150.jpg 150w, https:\/\/jeudesclics-photographie.fr\/wp-content\/uploads\/2025\/10\/FLYER-EXPO-CARRE-768x768.jpg 768w, https:\/\/jeudesclics-photographie.fr\/wp-content\/uploads\/2025\/10\/FLYER-EXPO-CARRE-640x640.jpg 640w, https:\/\/jeudesclics-photographie.fr\/wp-content\/uploads\/2025\/10\/FLYER-EXPO-CARRE-825x825.jpg 825w, https:\/\/jeudesclics-photographie.fr\/wp-content\/uploads\/2025\/10\/FLYER-EXPO-CARRE-100x100.jpg 100w, https:\/\/jeudesclics-photographie.fr\/wp-content\/uploads\/2025\/10\/FLYER-EXPO-CARRE-50x50.jpg 50w, https:\/\/jeudesclics-photographie.fr\/wp-content\/uploads\/2025\/10\/FLYER-EXPO-CARRE.jpg 1181w\" sizes=\"auto, (max-width: 1024px) 100vw, 1024px\" \/><\/figure>\n\n\n\n<h4 class=\"wp-block-heading\">Les &#8220;DEFIS&#8221; de l&#8217;atelier photographique <strong>Jeu des Clics<\/strong> depuis sa cr\u00e9ation.<\/h4>\n\n\n\n<p><strong>Ann\u00e9e 2024:<\/strong><\/p>\n\n\n\n<ul class=\"wp-block-list\">\n<li class=\"has-small-font-size\">Et\u00e9<\/li>\n\n\n\n<li class=\"has-small-font-size\">Donner \u00e0 voir le vide<\/li>\n\n\n\n<li class=\"has-small-font-size\">Le corps humain<\/li>\n<\/ul>\n\n\n\n<p class=\"has-white-background-color has-background\"><strong>Ann\u00e9e 2023:<\/strong><\/p>\n\n\n\n<ul class=\"wp-block-list\">\n<li class=\"has-small-font-size\">Un matin \u00e0 l&#8217;aube<\/li>\n\n\n\n<li class=\"has-small-font-size\">Et\u00e9<\/li>\n\n\n\n<li class=\"has-small-font-size\">Au travers de<\/li>\n\n\n\n<li class=\"has-small-font-size\">Un objet, une \u0153uvre<\/li>\n<\/ul>\n\n\n\n<p class=\"has-primary-background-color has-background\"><strong>Ann\u00e9e 2022:<\/strong><\/p>\n\n\n\n<ul class=\"wp-block-list\">\n<li class=\"has-small-font-size\">Perspective<\/li>\n\n\n\n<li class=\"has-small-font-size\">Contre-jour<\/li>\n\n\n\n<li class=\"has-small-font-size\">A la une<\/li>\n\n\n\n<li class=\"has-small-font-size\">Absence<\/li>\n\n\n\n<li class=\"has-small-font-size\">Premier Plan<\/li>\n\n\n\n<li class=\"has-small-font-size\">Contre plong\u00e9e<\/li>\n\n\n\n<li class=\"has-small-font-size\">Il \u00e9tait une nuit<\/li>\n<\/ul>\n\n\n\n<p class=\"has-white-background-color has-background\"><strong>Ann\u00e9e 2021:<\/strong><\/p>\n\n\n\n<ul class=\"wp-block-list\">\n<li class=\"has-small-font-size\">Premi\u00e8re de couverture<\/li>\n\n\n\n<li class=\"has-small-font-size\">P comme&#8230;<\/li>\n\n\n\n<li class=\"has-small-font-size\">Couleurs<\/li>\n\n\n\n<li class=\"has-small-font-size\">Abstraction<\/li>\n\n\n\n<li class=\"has-small-font-size\">Libert\u00e9<\/li>\n\n\n\n<li class=\"has-small-font-size\">Autoportrait<\/li>\n\n\n\n<li class=\"has-small-font-size\">A la mani\u00e8re de<\/li>\n\n\n\n<li class=\"has-small-font-size\">Souvenirs d&#8217;enfance<\/li>\n\n\n\n<li class=\"has-small-font-size\">D&#8217;un rien, une f\u00eate surgit<\/li>\n<\/ul>\n\n\n\n<p class=\"has-white-background-color has-background\"><strong>Ann\u00e9e 2020 :<\/strong><\/p>\n\n\n\n<ul class=\"wp-block-list\">\n<li class=\"has-small-font-size\">Agrumes<\/li>\n\n\n\n<li class=\"has-small-font-size\">Sweat Home<\/li>\n\n\n\n<li class=\"has-small-font-size\">Les quatre \u00e9l\u00e9ments<\/li>\n\n\n\n<li class=\"has-small-font-size\">Musique<\/li>\n\n\n\n<li class=\"has-small-font-size\">Abandon<\/li>\n\n\n\n<li class=\"has-small-font-size\">Noir<\/li>\n\n\n\n<li class=\"has-small-font-size\">Le verre<\/li>\n\n\n\n<li class=\"has-small-font-size\">Illuminations<\/li>\n<\/ul>\n","protected":false},"excerpt":{"rendered":"<p>Exposition 2025: &#8220;ETATS D&#8217;ARBRES&#8221; 7 r\u00e9flexions et expressions vari\u00e9es autour de l&#8217;arbre. Maison de la for\u00eat du G\u00e2vre, 44130. Exposition 2025: PO\u00c9SIE VOLCANIQUE- LE VOLCAN DES \u00c9MOTIONS Dans le cadre du festival du printemps des<span class=\"more-button\"><a href=\"https:\/\/jeudesclics-photographie.fr\/index.php\/nos-expressions-photographiques\/\" class=\"more-link\">Continue reading<span class=\"screen-reader-text\">Nos expressions photographiques<\/span><i class=\"fa fa-angle-right\" aria-hidden=\"true\"><\/i><\/a><\/span><\/p>\n","protected":false},"author":1,"featured_media":0,"parent":0,"menu_order":0,"comment_status":"closed","ping_status":"closed","template":"","meta":{"footnotes":""},"class_list":["post-102","page","type-page","status-publish","hentry"],"_links":{"self":[{"href":"https:\/\/jeudesclics-photographie.fr\/index.php\/wp-json\/wp\/v2\/pages\/102","targetHints":{"allow":["GET"]}}],"collection":[{"href":"https:\/\/jeudesclics-photographie.fr\/index.php\/wp-json\/wp\/v2\/pages"}],"about":[{"href":"https:\/\/jeudesclics-photographie.fr\/index.php\/wp-json\/wp\/v2\/types\/page"}],"author":[{"embeddable":true,"href":"https:\/\/jeudesclics-photographie.fr\/index.php\/wp-json\/wp\/v2\/users\/1"}],"replies":[{"embeddable":true,"href":"https:\/\/jeudesclics-photographie.fr\/index.php\/wp-json\/wp\/v2\/comments?post=102"}],"version-history":[{"count":27,"href":"https:\/\/jeudesclics-photographie.fr\/index.php\/wp-json\/wp\/v2\/pages\/102\/revisions"}],"predecessor-version":[{"id":593,"href":"https:\/\/jeudesclics-photographie.fr\/index.php\/wp-json\/wp\/v2\/pages\/102\/revisions\/593"}],"wp:attachment":[{"href":"https:\/\/jeudesclics-photographie.fr\/index.php\/wp-json\/wp\/v2\/media?parent=102"}],"curies":[{"name":"wp","href":"https:\/\/api.w.org\/{rel}","templated":true}]}}